{"id":4365,"date":"2026-02-02T14:47:13","date_gmt":"2026-02-02T13:47:13","guid":{"rendered":"https:\/\/amanduskahl.nl\/conformite\/"},"modified":"2026-02-11T14:26:32","modified_gmt":"2026-02-11T13:26:32","slug":"conformite","status":"publish","type":"page","link":"https:\/\/amanduskahl.nl\/fr\/conformite\/","title":{"rendered":"Conformit\u00e9"},"content":{"rendered":"\n<h2 class=\"wp-block-heading\">Conformit\u00e9<\/h2>\n\n<p>Dans toutes les soci\u00e9t\u00e9s du groupe KAHL, nous accordons une grande importance \u00e0 la conformit\u00e9 afin de garantir le respect des dispositions l\u00e9gales, des r\u00e8gles internes et des normes \u00e9thiques. Notre syst\u00e8me de gestion de la conformit\u00e9 est con\u00e7u pour identifier les risques en amont, mettre en \u0153uvre des mesures pr\u00e9ventives et favoriser l&rsquo;am\u00e9lioration continue. <\/p>\n\n<p>Nous nous engageons \u00e0 respecter l&rsquo;ensemble des lois et r\u00e9glementations en vigueur et \u00e0 adopter les meilleures pratiques commerciales afin de pr\u00e9server la confiance de nos clients, fournisseurs et collaborateurs. Notre \u00e9quipe conformit\u00e9 assure la mise en \u0153uvre et le suivi des politiques de conformit\u00e9 et propose des formations et un accompagnement \u00e0 tous les collaborateurs pour garantir une compr\u00e9hension et une sensibilisation compl\u00e8tes aux enjeux de conformit\u00e9. La coop\u00e9ration et la transparence sont essentielles pour nous. C&rsquo;est pourquoi nous encourageons un dialogue ouvert et incitons nos collaborateurs \u00e0 signaler tout probl\u00e8me ou manquement potentiel aux r\u00e8gles de conformit\u00e9. Notre syst\u00e8me de signalement, la Ligne Int\u00e9grit\u00e9, offre un moyen s\u00fbr et anonyme de faire part de ces pr\u00e9occupations et contribue ainsi au maintien de nos normes de conformit\u00e9.    <\/p>\n\n<p><\/p>\n\n<h2 class=\"wp-block-heading\">Ligne d&rsquo;int\u00e9grit\u00e9 \u2013 Notre syst\u00e8me de signalement<\/h2>\n\n<p>Nous prenons tr\u00e8s au s\u00e9rieux le respect de nos valeurs d&rsquo;entreprise et de la l\u00e9gislation en vigueur. Aidez-nous \u00e0 identifier rapidement tout comportement inappropri\u00e9 et \u00e0 corriger les \u00e9ventuels actes r\u00e9pr\u00e9hensibles. Help us to identify possible misconduct at an early stage and to rectify possible wrongdoings.<\/p>\n\n<p>Nous prenons tr\u00e8s au s\u00e9rieux le respect de nos valeurs d&rsquo;entreprise et de la l\u00e9gislation en vigueur. Aidez-nous \u00e0 identifier rapidement tout comportement inappropri\u00e9 et \u00e0 corriger toute irr\u00e9gularit\u00e9. Veuillez nous signaler tout comportement inappropri\u00e9 ou toute irr\u00e9gularit\u00e9 dont vous auriez \u00e9t\u00e9 t\u00e9moin.  <\/p>\n\n<p>Nous serons \u00e9galement heureux de recevoir des informations concernant toute violation de la loi allemande sur les obligations de vigilance des entreprises dans les cha\u00eenes d&rsquo;approvisionnement (LkSG) par l&rsquo;un des fournisseurs de nos cha\u00eenes d&rsquo;approvisionnement.<\/p>\n\n<p><a href=\"https:\/\/kahl-group.integrityline.app\">\u00c0 cette fin, notre syst\u00e8me de reporting num\u00e9rique Integrity Line reste \u00e0 votre disposition: https:\/\/kahl-group.integrityline.app<\/a><\/p>\n\n<p>Gr\u00e2ce \u00e0 la Ligne d&rsquo;int\u00e9grit\u00e9, vous pouvez soumettre des rapports rapidement, facilement et m\u00eame anonymement. La Ligne d&rsquo;int\u00e9grit\u00e9 est h\u00e9berg\u00e9e chez un prestataire tiers certifi\u00e9, en dehors de notre infrastructure informatique. Elle est hautement s\u00e9curis\u00e9e et conforme aux exigences l\u00e9gales. L&rsquo;anonymat et la confidentialit\u00e9 sont garantis conform\u00e9ment aux dispositions l\u00e9gales applicables.   <\/p>\n","protected":false},"excerpt":{"rendered":"<p>Conformit\u00e9 Dans toutes les soci\u00e9t\u00e9s du groupe KAHL, nous accordons une grande importance \u00e0 la conformit\u00e9 afin de garantir le respect des dispositions l\u00e9gales, des r\u00e8gles internes et des normes \u00e9thiques. Notre syst\u00e8me de gestion de la conformit\u00e9 est con\u00e7u pour identifier les risques en amont, mettre en \u0153uvre des mesures pr\u00e9ventives et favoriser l&rsquo;am\u00e9lioration [&hellip;]<\/p>\n","protected":false},"author":1,"featured_media":0,"parent":0,"menu_order":0,"comment_status":"closed","ping_status":"closed","template":"","meta":{"footnotes":""},"class_list":["post-4365","page","type-page","status-publish","hentry"],"_links":{"self":[{"href":"https:\/\/amanduskahl.nl\/fr\/wp-json\/wp\/v2\/pages\/4365","targetHints":{"allow":["GET"]}}],"collection":[{"href":"https:\/\/amanduskahl.nl\/fr\/wp-json\/wp\/v2\/pages"}],"about":[{"href":"https:\/\/amanduskahl.nl\/fr\/wp-json\/wp\/v2\/types\/page"}],"author":[{"embeddable":true,"href":"https:\/\/amanduskahl.nl\/fr\/wp-json\/wp\/v2\/users\/1"}],"replies":[{"embeddable":true,"href":"https:\/\/amanduskahl.nl\/fr\/wp-json\/wp\/v2\/comments?post=4365"}],"version-history":[{"count":1,"href":"https:\/\/amanduskahl.nl\/fr\/wp-json\/wp\/v2\/pages\/4365\/revisions"}],"predecessor-version":[{"id":4366,"href":"https:\/\/amanduskahl.nl\/fr\/wp-json\/wp\/v2\/pages\/4365\/revisions\/4366"}],"wp:attachment":[{"href":"https:\/\/amanduskahl.nl\/fr\/wp-json\/wp\/v2\/media?parent=4365"}],"curies":[{"name":"wp","href":"https:\/\/api.w.org\/{rel}","templated":true}]}}