{"id":4373,"date":"2024-11-25T09:59:16","date_gmt":"2024-11-25T08:59:16","guid":{"rendered":"https:\/\/amanduskahl.nl\/politique-de-confidentialite-2\/"},"modified":"2026-02-11T14:35:25","modified_gmt":"2026-02-11T13:35:25","slug":"politique-de-confidentialite-2","status":"publish","type":"page","link":"https:\/\/amanduskahl.nl\/fr\/politique-de-confidentialite-2\/","title":{"rendered":"Politique de confidentialit\u00e9"},"content":{"rendered":"\n<h1 class=\"wp-block-heading\">Politique de confidentialit\u00e9<\/h1>\n\n<p>Nous attachons une grande importance \u00e0 votre vie priv\u00e9e et \u00e0 la protection de vos donn\u00e9es personnelles. Cette d\u00e9claration explique comment nous traitons vos donn\u00e9es. <\/p>\n\n<h3 class=\"wp-block-heading\"><strong>Qui sommes-nous ?<\/strong><\/h3>\n\n<p><strong>Amandus Kahl Benelux B.V.<\/strong><br \/>Amp\u00e8restraat 7<br \/>4004 KB Tiel, Pays-Bas<br \/>Num\u00e9ro de Chambre de Commerce : 11023633<br \/>Courriel : info@amanduskahl.nl<br \/>T\u00e9l\u00e9phone : +31 344 630 550<br \/>Site web: <a href=\"https:\/\/www.amanduskahl.nl\">www.amanduskahl.nl<\/a><\/p>\n\n<h3 class=\"wp-block-heading\"><strong>Quelles informations collectons-nous ?<\/strong><\/h3>\n\n<p>Nous traitons vos donn\u00e9es personnelles lorsque vous :<\/p>\n\n<ul class=\"wp-block-list\">\n<li>Remplissez le formulaire de contact<\/li>\n\n\n\n<li>Demander un devis<\/li>\n\n\n\n<li>Envoyez-nous un courriel<\/li>\n\n\n\n<li>Visitez notre site web<\/li>\n<\/ul>\n\n<p>Cela peut inclure votre nom, votre adresse \u00e9lectronique, votre num\u00e9ro de t\u00e9l\u00e9phone, le nom de votre entreprise, votre adresse IP et toute autre information que vous nous fournissez.<\/p>\n\n<h3 class=\"wp-block-heading\"><strong>Pourquoi collectons-nous des donn\u00e9es ?<\/strong><\/h3>\n\n<p>Nous utilisons vos donn\u00e9es pour :<\/p>\n\n<ul class=\"wp-block-list\">\n<li>Pour r\u00e9pondre \u00e0 vos questions et demandes<\/li>\n\n\n\n<li>Pour pr\u00e9parer des devis personnalis\u00e9s<\/li>\n\n\n\n<li>Afin d&rsquo;am\u00e9liorer nos services<\/li>\n\n\n\n<li>Pour analyser et optimiser notre site web<\/li>\n<\/ul>\n\n<h3 class=\"wp-block-heading\"><strong>Partageons-nous vos donn\u00e9es avec des tiers ?<\/strong><\/h3>\n\n<p>Non. Vos donn\u00e9es ne seront ni vendues ni partag\u00e9es avec des tiers, sauf si cela est n\u00e9cessaire pour nos services (comme l&rsquo;h\u00e9bergement web) ou lorsque la loi l&rsquo;exige. <\/p>\n\n<h3 class=\"wp-block-heading\"><strong>Combien de temps conservons-nous vos donn\u00e9es ?<\/strong><\/h3>\n\n<p>Nous ne conservons vos donn\u00e9es que pendant la dur\u00e9e n\u00e9cessaire pour vous fournir un service ad\u00e9quat ou conform\u00e9ment aux exigences l\u00e9gales. <\/p>\n\n<h3 class=\"wp-block-heading\"><strong>Vos droits<\/strong><\/h3>\n\n<p>Vous disposez d&rsquo;un droit d&rsquo;acc\u00e8s, de rectification et de suppression de vos donn\u00e9es. Vous pouvez \u00e9galement vous opposer \u00e0 leur utilisation. Pour ce faire, veuillez envoyer un courriel \u00e0 info@amanduskahl.nl.  <\/p>\n\n<h3 class=\"wp-block-heading\"><strong>S\u00e9curit\u00e9<\/strong><\/h3>\n\n<p>Nous prenons les mesures techniques et organisationnelles appropri\u00e9es pour prot\u00e9ger vos donn\u00e9es contre toute utilisation abusive, perte ou acc\u00e8s non autoris\u00e9.<\/p>\n\n<h3 class=\"wp-block-heading\"><strong>Cookies<\/strong><\/h3>\n\n<p>Notre site web utilise uniquement des cookies fonctionnels et analytiques qui ne portent pas atteinte \u00e0 votre vie priv\u00e9e. Consultez notre politique en mati\u00e8re de cookies pour plus d&rsquo;informations. <\/p>\n\n<h3 class=\"wp-block-heading\"><strong>Contact<\/strong><\/h3>\n\n<p>Vous avez des questions concernant cette d\u00e9claration de confidentialit\u00e9 ? N\u2019h\u00e9sitez pas \u00e0 nous contacter \u00e0 l\u2019adresse info@amanduskahl.nl ou par t\u00e9l\u00e9phone au 0344 630 550. <\/p>\n","protected":false},"excerpt":{"rendered":"<p>Politique de confidentialit\u00e9 Nous attachons une grande importance \u00e0 votre vie priv\u00e9e et \u00e0 la protection de vos donn\u00e9es personnelles. Cette d\u00e9claration explique comment nous traitons vos donn\u00e9es. Qui sommes-nous ? Amandus Kahl Benelux B.V.Amp\u00e8restraat 74004 KB Tiel, Pays-BasNum\u00e9ro de Chambre de Commerce : 11023633Courriel : info@amanduskahl.nlT\u00e9l\u00e9phone : +31 344 630 550Site web: www.amanduskahl.nl Quelles [&hellip;]<\/p>\n","protected":false},"author":1,"featured_media":0,"parent":0,"menu_order":0,"comment_status":"closed","ping_status":"open","template":"","meta":{"footnotes":""},"class_list":["post-4373","page","type-page","status-publish","hentry"],"_links":{"self":[{"href":"https:\/\/amanduskahl.nl\/fr\/wp-json\/wp\/v2\/pages\/4373","targetHints":{"allow":["GET"]}}],"collection":[{"href":"https:\/\/amanduskahl.nl\/fr\/wp-json\/wp\/v2\/pages"}],"about":[{"href":"https:\/\/amanduskahl.nl\/fr\/wp-json\/wp\/v2\/types\/page"}],"author":[{"embeddable":true,"href":"https:\/\/amanduskahl.nl\/fr\/wp-json\/wp\/v2\/users\/1"}],"replies":[{"embeddable":true,"href":"https:\/\/amanduskahl.nl\/fr\/wp-json\/wp\/v2\/comments?post=4373"}],"version-history":[{"count":2,"href":"https:\/\/amanduskahl.nl\/fr\/wp-json\/wp\/v2\/pages\/4373\/revisions"}],"predecessor-version":[{"id":4376,"href":"https:\/\/amanduskahl.nl\/fr\/wp-json\/wp\/v2\/pages\/4373\/revisions\/4376"}],"wp:attachment":[{"href":"https:\/\/amanduskahl.nl\/fr\/wp-json\/wp\/v2\/media?parent=4373"}],"curies":[{"name":"wp","href":"https:\/\/api.w.org\/{rel}","templated":true}]}}